{"id":22,"date":"2021-02-10T13:11:15","date_gmt":"2021-02-10T12:11:15","guid":{"rendered":"http:\/\/www.merlscheid.de\/?page_id=22"},"modified":"2021-02-10T13:11:15","modified_gmt":"2021-02-10T12:11:15","slug":"geschichte","status":"publish","type":"page","link":"http:\/\/www.merlscheid.de\/?page_id=22","title":{"rendered":"Geschichte"},"content":{"rendered":"\n<p>Merlscheid liegt in der westlichen Eifel im Bundesland Rheinland-Pfalz. Der Ort geh\u00f6rt zum Landkreis Bitburg-Pr\u00fcm und geh\u00f6rt amtlich zur Verbandsgemeinde Arzfeld. Merlscheid liegt an der M\u00fcndung des Merlbaches in die Pr\u00fcm. Der Ort liegt in Hanglage in einer H\u00f6he von 360 bis 390 m \u00fc. NHN und hat eine Fl\u00e4che von 3,52 qkm.<\/p>\n\n\n\n<p>Es wurden auf der gegen\u00fcberliegenden Seite der Pr\u00fcm r\u00f6mische Siedlungsreste gefunden. Merlscheid wurde erstmals im Jahr 1459 urkundlich als &#8222;merhelscheit&#8220; erw\u00e4hnt. Es geh\u00f6rte bis zum Ende des 18. Jahrhunderts zum Kondomium Pronsfeld, das unter der gemeinsamen Landeshoheit des Kurf\u00fcrstentums Trier und des Gro\u00dfherzogtums Luxemburg stand. Pronsfeld war namensgebend f\u00fcr einen als \u201eHof\u201c oder \u201eMeierei\u201c bezeichneten Verwaltungs- und Gerichtsbezirk, zu dem insgesamt 22 Ortschaften geh\u00f6rten, u. a. auch Merlscheid.<\/p>\n\n\n\n<p>Woher kommt der Siedlungs- oder Flurname-Bestandteil \u201escheid\u201c oder \u201escheidt\u201c? Das Wort kommt wahrscheinlich aus dem Alt- oder Mittelhochdeutschen. Erstnennungen bezeichnen damit Fl\u00e4chen, die aus einem Waldgebiet oder durch Rodung ausgeschieden sind. Die -scheid-Siedlungsnamen fallen \u00fcberwiegend in die zweite fr\u00e4nkische Besiedlungsphase und kommen im Rheinland haupts\u00e4chlich in den rechtsrheinischen Mittelgebirgsregionen aber auch in den linksrheinischen Gebieten wie Eifel und Hunsr\u00fcck vor, weil nur Orte die in einer H\u00f6henlage liegen, die Ortsendung -scheid tragen.<\/p>\n\n\n\n<p>Um mal einige Einwohnerzahlen zu nennen: 1815 gab es 20 und 1871 bereits 52 Einwohner. 1939 hatte Merlscheid die h\u00f6chste Einwohnerzahl n\u00e4mlich 59 Menschen und heute z\u00e4hlt Merlscheid 37 Einwohner.<\/p>\n\n\n\n<p>Die Gemeinde lebte in der Vergangenheit \u00fcberwiegend von der Landwirtschaft. Von ehemals acht Vollerwerbslandwirten gibt es keine mehr. Die aktuellen Probleme zwingen die Landwirte zur Spezialisierung oder zum Umstellen auf Nebenerwerb.<\/p>\n","protected":false},"excerpt":{"rendered":"<p>Merlscheid liegt in der westlichen Eifel im Bundesland Rheinland-Pfalz. Der Ort geh\u00f6rt zum Landkreis Bitburg-Pr\u00fcm und geh\u00f6rt amtlich zur Verbandsgemeinde Arzfeld. Merlscheid liegt an der M\u00fcndung des Merlbaches in die Pr\u00fcm. Der Ort liegt in Hanglage in einer H\u00f6he von<\/p>\n","protected":false},"author":1,"featured_media":0,"parent":0,"menu_order":0,"comment_status":"closed","ping_status":"closed","template":"","meta":{"footnotes":""},"class_list":["post-22","page","type-page","status-publish","hentry"],"_links":{"self":[{"href":"http:\/\/www.merlscheid.de\/index.php?rest_route=\/wp\/v2\/pages\/22","targetHints":{"allow":["GET"]}}],"collection":[{"href":"http:\/\/www.merlscheid.de\/index.php?rest_route=\/wp\/v2\/pages"}],"about":[{"href":"http:\/\/www.merlscheid.de\/index.php?rest_route=\/wp\/v2\/types\/page"}],"author":[{"embeddable":true,"href":"http:\/\/www.merlscheid.de\/index.php?rest_route=\/wp\/v2\/users\/1"}],"replies":[{"embeddable":true,"href":"http:\/\/www.merlscheid.de\/index.php?rest_route=%2Fwp%2Fv2%2Fcomments&post=22"}],"version-history":[{"count":1,"href":"http:\/\/www.merlscheid.de\/index.php?rest_route=\/wp\/v2\/pages\/22\/revisions"}],"predecessor-version":[{"id":23,"href":"http:\/\/www.merlscheid.de\/index.php?rest_route=\/wp\/v2\/pages\/22\/revisions\/23"}],"wp:attachment":[{"href":"http:\/\/www.merlscheid.de\/index.php?rest_route=%2Fwp%2Fv2%2Fmedia&parent=22"}],"curies":[{"name":"wp","href":"https:\/\/api.w.org\/{rel}","templated":true}]}}