{"id":24,"date":"2021-02-10T13:12:55","date_gmt":"2021-02-10T12:12:55","guid":{"rendered":"http:\/\/www.merlscheid.de\/?page_id=24"},"modified":"2021-02-10T13:12:55","modified_gmt":"2021-02-10T12:12:55","slug":"bekannte-merlscheider","status":"publish","type":"page","link":"https:\/\/www.merlscheid.de\/?page_id=24","title":{"rendered":"Bekannte Merlscheider"},"content":{"rendered":"\n<p><strong>Hubert Junker<\/strong><\/p>\n\n\n\n<div class=\"wp-block-image\"><figure class=\"alignright size-large\"><img loading=\"lazy\" decoding=\"async\" width=\"120\" height=\"176\" src=\"http:\/\/www.merlscheid.de\/wp-content\/uploads\/2021\/02\/HubertJunker.jpg\" alt=\"Bild: Hubert Junker\" class=\"wp-image-14\"\/><\/figure><\/div>\n\n\n\n<p>Der bekannteste Merlscheider wurde am 08.08.1891 in Merlscheid geboren, wo er auch seine Kindheit verbrachte. 1915 wurde er in Trier zum Priester geweiht und war von 1915-1919 Kaplan in St. Gervasius in Trier. Dann f\u00fchrte ihn sein Weg f\u00fcr zwei Jahre nach Ahrweiler und von 1920 &#8211; 1931 lebte er als Religionslehrer auf der Rheininsel Nonnenwerth bei Bad Honnef.<\/p>\n\n\n\n<p>W\u00e4hrend dieser Zeit studierte er an der Universit\u00e4t zu Bonn. 1922 promovierte er zum Dr. theol. und verfasste seine Habilitation \u00fcber die &#8222;Exegese des Alten Testaments&#8220;. Neben seiner T\u00e4tigkeit als Religionslehrer war er an der Bonner Universit\u00e4t als Privatdozent t\u00e4tig. Von Nonnenwerth wechselte er an die Philosophisch-theologische Hochschule Passau und 1938 ging er zur\u00fcck nach Trier, um am Bisch\u00f6flichen Priesterseminar als Professor &#8222;alttestamentarische Exegese und f\u00fcr biblisch-orientalische Sprachen&#8220; zu lehren.<\/p>\n\n\n\n<p>1950 wird Junker Professor an der Theolog. Fakult\u00e4t Trier und sp\u00e4ter auch deren Rektor. 1954 erfolgt eine weitere Auszeichnung: Er wird zum P\u00e4pstlichen Hauspr\u00e4laten ernannt.<\/p>\n\n\n\n<p>Am 26.04.1971 stirbt Hubert Junker in Trier in St. Paulin.<\/p>\n","protected":false},"excerpt":{"rendered":"<p>Hubert Junker Der bekannteste Merlscheider wurde am 08.08.1891 in Merlscheid geboren, wo er auch seine Kindheit verbrachte. 1915 wurde er in Trier zum Priester geweiht und war von 1915-1919 Kaplan in St. Gervasius in Trier. Dann f\u00fchrte ihn sein Weg<\/p>\n","protected":false},"author":1,"featured_media":0,"parent":0,"menu_order":0,"comment_status":"closed","ping_status":"closed","template":"","meta":{"footnotes":""},"class_list":["post-24","page","type-page","status-publish","hentry"],"_links":{"self":[{"href":"https:\/\/www.merlscheid.de\/index.php?rest_route=\/wp\/v2\/pages\/24","targetHints":{"allow":["GET"]}}],"collection":[{"href":"https:\/\/www.merlscheid.de\/index.php?rest_route=\/wp\/v2\/pages"}],"about":[{"href":"https:\/\/www.merlscheid.de\/index.php?rest_route=\/wp\/v2\/types\/page"}],"author":[{"embeddable":true,"href":"https:\/\/www.merlscheid.de\/index.php?rest_route=\/wp\/v2\/users\/1"}],"replies":[{"embeddable":true,"href":"https:\/\/www.merlscheid.de\/index.php?rest_route=%2Fwp%2Fv2%2Fcomments&post=24"}],"version-history":[{"count":1,"href":"https:\/\/www.merlscheid.de\/index.php?rest_route=\/wp\/v2\/pages\/24\/revisions"}],"predecessor-version":[{"id":25,"href":"https:\/\/www.merlscheid.de\/index.php?rest_route=\/wp\/v2\/pages\/24\/revisions\/25"}],"wp:attachment":[{"href":"https:\/\/www.merlscheid.de\/index.php?rest_route=%2Fwp%2Fv2%2Fmedia&parent=24"}],"curies":[{"name":"wp","href":"https:\/\/api.w.org\/{rel}","templated":true}]}}