{"id":53,"date":"2021-02-10T13:51:57","date_gmt":"2021-02-10T12:51:57","guid":{"rendered":"http:\/\/www.merlscheid.de\/?page_id=53"},"modified":"2021-02-10T14:05:48","modified_gmt":"2021-02-10T13:05:48","slug":"tourismus","status":"publish","type":"page","link":"https:\/\/www.merlscheid.de\/?page_id=53","title":{"rendered":"Tourismus"},"content":{"rendered":"\n<p><strong>Sehensw\u00fcrdigkeiten<\/strong><\/p>\n\n\n\n<p>Merlscheid hat bis auf eine 250j\u00e4hrige Eiche keine Sehensw\u00fcrdigkeiten. Jedoch sind in der N\u00e4he eine ganze Reihe von Sehensw\u00fcrdigkeiten zu finden. Da w\u00e4ren z.B.<\/p>\n\n\n\n<ul class=\"wp-block-list\"><li>Pr\u00fcm, Basilika und Heimatmuseum<\/li><li>Der Schwarze Mann, das Skigebiet von Pr\u00fcm und Umgebung<\/li><li>Eifelzoo L\u00fcnebach<\/li><li>Bergwerksstollen Bleialf<\/li><li>Westwall H\u00f6ckerlinie Gro\u00dfkampenberg<\/li><li>Stausee Biersdorf<\/li><li>Golfanlage Burbach<\/li><li>Adlerpark, Gerolstein<\/li><li>R\u00f6mische Villa Otrang, Flie\u00dfem<\/li><li>Ferienpark Gondorf<\/li><li>Luxemburg und Belgien sind in unmttelbarer N\u00e4he<\/li><\/ul>\n\n\n\n<p>Die Tourist-Information in Arzfeld informiert Sie gerne \u00fcber weitere touristische Angebote der Orts- und Verbandsgemeinde.<\/p>\n\n\n\n<p><strong>Kontakt:<\/strong><br><br>Tourist-Info Arzfeld<br>Luxemburger Stra\u00dfe 5<br>54687 Arzfeld<br><br>Tel.: 06550 &#8211; 96 10 80<br>Fax: 06550 &#8211; 96 10 82<br><br>Mail: <a href=\"mailto:ti(at)vg-arzfeld.de\">ti(at)vg-arzfeld.de<\/a><br>Internet: <a href=\"https:\/\/www.islek.info\" target=\"_blank\" rel=\"noreferrer noopener\">www.islek.info<\/a><\/p>\n","protected":false},"excerpt":{"rendered":"<p>Sehensw\u00fcrdigkeiten Merlscheid hat bis auf eine 250j\u00e4hrige Eiche keine Sehensw\u00fcrdigkeiten. Jedoch sind in der N\u00e4he eine ganze Reihe von Sehensw\u00fcrdigkeiten zu finden. Da w\u00e4ren z.B. Pr\u00fcm, Basilika und Heimatmuseum Der Schwarze Mann, das Skigebiet von Pr\u00fcm und Umgebung Eifelzoo L\u00fcnebach<\/p>\n","protected":false},"author":1,"featured_media":0,"parent":0,"menu_order":0,"comment_status":"closed","ping_status":"closed","template":"","meta":{"footnotes":""},"class_list":["post-53","page","type-page","status-publish","hentry"],"_links":{"self":[{"href":"https:\/\/www.merlscheid.de\/index.php?rest_route=\/wp\/v2\/pages\/53","targetHints":{"allow":["GET"]}}],"collection":[{"href":"https:\/\/www.merlscheid.de\/index.php?rest_route=\/wp\/v2\/pages"}],"about":[{"href":"https:\/\/www.merlscheid.de\/index.php?rest_route=\/wp\/v2\/types\/page"}],"author":[{"embeddable":true,"href":"https:\/\/www.merlscheid.de\/index.php?rest_route=\/wp\/v2\/users\/1"}],"replies":[{"embeddable":true,"href":"https:\/\/www.merlscheid.de\/index.php?rest_route=%2Fwp%2Fv2%2Fcomments&post=53"}],"version-history":[{"count":2,"href":"https:\/\/www.merlscheid.de\/index.php?rest_route=\/wp\/v2\/pages\/53\/revisions"}],"predecessor-version":[{"id":83,"href":"https:\/\/www.merlscheid.de\/index.php?rest_route=\/wp\/v2\/pages\/53\/revisions\/83"}],"wp:attachment":[{"href":"https:\/\/www.merlscheid.de\/index.php?rest_route=%2Fwp%2Fv2%2Fmedia&parent=53"}],"curies":[{"name":"wp","href":"https:\/\/api.w.org\/{rel}","templated":true}]}}