{"id":57,"date":"2021-02-10T13:54:36","date_gmt":"2021-02-10T12:54:36","guid":{"rendered":"http:\/\/www.merlscheid.de\/?page_id=57"},"modified":"2021-02-10T13:54:37","modified_gmt":"2021-02-10T12:54:37","slug":"impressum","status":"publish","type":"page","link":"https:\/\/www.merlscheid.de\/?page_id=57","title":{"rendered":"Impressum"},"content":{"rendered":"\n<p>Ortsgemeinde Merlscheid<br>\u00fcber<br>Verbandsgemeindeverwaltung Arzfeld<br>Luxemburger Stra\u00dfe 6<br>54687 Arzfeld<br>Telefon: 06550 &#8211; 9740<br>E-Mail: <a href=\"mailto:info@merlscheid.de\">info(at)merlscheid.de<\/a><br>Internet: www.merlscheid.de<\/p>\n\n\n\n<p>Die Ortsgemeinde Merlscheid ist eine K\u00f6rperschaft des \u00f6ffentlichen Rechts. Sie wird vertreten durch den Ortsb\u00fcrgermeister.<\/p>\n\n\n\n<p>Haftungshinweis:<br>Trotz sorgf\u00e4ltiger inhaltlicher Kontrolle \u00fcbernehmen wir keine Haftung f\u00fcr die Inhalte externer Links. F\u00fcr den Inhalt der verlinkten Seiten sind ausschlie\u00dflich deren Betreiber verantwortlich!<\/p>\n\n\n\n<p>Autor:<br>Verbandsgemeindeverwaltung Arzfeld<br>E-Mail: <a href=\"mailto:webmaster@merlscheid.de\">webmaster(at)merlscheid.de<\/a><\/p>\n","protected":false},"excerpt":{"rendered":"<p>Ortsgemeinde Merlscheid\u00fcberVerbandsgemeindeverwaltung ArzfeldLuxemburger Stra\u00dfe 654687 ArzfeldTelefon: 06550 &#8211; 9740E-Mail: info(at)merlscheid.deInternet: www.merlscheid.de Die Ortsgemeinde Merlscheid ist eine K\u00f6rperschaft des \u00f6ffentlichen Rechts. Sie wird vertreten durch den Ortsb\u00fcrgermeister. Haftungshinweis:Trotz sorgf\u00e4ltiger inhaltlicher Kontrolle \u00fcbernehmen wir keine Haftung f\u00fcr die Inhalte externer Links. F\u00fcr<\/p>\n","protected":false},"author":1,"featured_media":0,"parent":0,"menu_order":0,"comment_status":"closed","ping_status":"closed","template":"","meta":{"footnotes":""},"class_list":["post-57","page","type-page","status-publish","hentry"],"_links":{"self":[{"href":"https:\/\/www.merlscheid.de\/index.php?rest_route=\/wp\/v2\/pages\/57","targetHints":{"allow":["GET"]}}],"collection":[{"href":"https:\/\/www.merlscheid.de\/index.php?rest_route=\/wp\/v2\/pages"}],"about":[{"href":"https:\/\/www.merlscheid.de\/index.php?rest_route=\/wp\/v2\/types\/page"}],"author":[{"embeddable":true,"href":"https:\/\/www.merlscheid.de\/index.php?rest_route=\/wp\/v2\/users\/1"}],"replies":[{"embeddable":true,"href":"https:\/\/www.merlscheid.de\/index.php?rest_route=%2Fwp%2Fv2%2Fcomments&post=57"}],"version-history":[{"count":1,"href":"https:\/\/www.merlscheid.de\/index.php?rest_route=\/wp\/v2\/pages\/57\/revisions"}],"predecessor-version":[{"id":58,"href":"https:\/\/www.merlscheid.de\/index.php?rest_route=\/wp\/v2\/pages\/57\/revisions\/58"}],"wp:attachment":[{"href":"https:\/\/www.merlscheid.de\/index.php?rest_route=%2Fwp%2Fv2%2Fmedia&parent=57"}],"curies":[{"name":"wp","href":"https:\/\/api.w.org\/{rel}","templated":true}]}}